{"id":3178,"date":"2021-02-19T04:25:30","date_gmt":"2021-02-19T04:25:30","guid":{"rendered":"http:\/\/demo.ovathemes.com\/asting\/?page_id=3178"},"modified":"2024-01-17T11:54:26","modified_gmt":"2024-01-17T11:54:26","slug":"yonetim-kurulu","status":"publish","type":"page","link":"http:\/\/www.atkoykoop.com\/index.php\/yonetim-kurulu\/","title":{"rendered":"Y\u00f6netim Kurulu"},"content":{"rendered":"\t\t<div data-elementor-type=\"wp-page\" data-elementor-id=\"3178\" class=\"elementor elementor-3178\">\n\t\t\t\t\t\t\t\t\t<section class=\"elementor-section elementor-top-section elementor-element elementor-element-e0ea289 elementor-section-boxed elementor-section-height-default elementor-section-height-default\" data-id=\"e0ea289\" data-element_type=\"section\" data-settings=\"{&quot;background_background&quot;:&quot;classic&quot;}\">\n\t\t\t\t\t\t<div class=\"elementor-container elementor-column-gap-default\">\n\t\t\t\t\t<div class=\"elementor-column elementor-col-20 elementor-top-column elementor-element elementor-element-82e38ed\" data-id=\"82e38ed\" data-element_type=\"column\">\n\t\t\t<div class=\"elementor-widget-wrap\">\n\t\t\t\t\t\t\t\t\t<\/div>\n\t\t<\/div>\n\t\t\t\t<div class=\"elementor-column elementor-col-20 elementor-top-column elementor-element elementor-element-1bc564d\" data-id=\"1bc564d\" data-element_type=\"column\">\n\t\t\t<div class=\"elementor-widget-wrap\">\n\t\t\t\t\t\t\t\t\t<\/div>\n\t\t<\/div>\n\t\t\t\t<div class=\"elementor-column elementor-col-20 elementor-top-column elementor-element elementor-element-cb78641\" data-id=\"cb78641\" data-element_type=\"column\">\n\t\t\t<div class=\"elementor-widget-wrap elementor-element-populated\">\n\t\t\t\t\t\t\t\t<div class=\"elementor-element elementor-element-4b37f73 elementor-widget elementor-widget-ova_avatar\" data-id=\"4b37f73\" data-element_type=\"widget\" data-widget_type=\"ova_avatar.default\">\n\t\t\t\t<div class=\"elementor-widget-container\">\n\t\t\t\t\t\n\t\t<div class=\"ova-avatar\">\n\t\t\t<div class=\"avatar-img\">\n\t\t\t\t<a href=\"\" target=\"_blank\">\n\t\t\t\t\t<img decoding=\"async\" src=\"http:\/\/www.atkoykoop.com\/wp-content\/uploads\/2022\/11\/faruk-ozen.png\" alt=\"\">\n\t\t\t\t<\/a>\n\t\t\t<\/div>\n\t\t\t<div class=\"avatar-content\">\n\t\t\t\t<div class=\"avatar-social\" style=\"display:none !important\">\n\t\t\t\t\t<ul>\n\t\t\t\t\t\t\t\t\t\t\t\t\t<li>\n\t\t\t\t\t\t\t\t<a href=\"#\">\n\t\t\t\t\t\t\t\t\t<i class=\"fab fa-twitter\"><\/i>\n\t\t\t\t\t\t\t\t<\/a>\n\t\t\t\t\t\t\t<\/li>\n\t\t\t\t\t\t\t\t\t\t\t<\/ul>\n\t\t\t\t<\/div>\n\t\t\t\t<div class=\"avatar-name\">\n\t\t\t\t\t<a href=\"\">Faruk \u00d6ZEN<\/a>\n\t\t\t\t<\/div>\n\t\t\t\t<div class=\"avatar-job\">\n\t\t\t\t\t<p>Y\u00f6netim Kurulu Ba\u015fkan\u0131<\/p>\n\t\t\t\t<\/div>\n\t\t\t\t<div class=\"avatar-email\" style=\"display:none !important\">\n\t\t\t\t\t<i class=\"fa fa-envelope-o\"><\/i>\n\t\t\t\t\t<a href=\"mailto:\"><\/a>\n\t\t\t\t<\/div>\n\t\t\t\t<div class=\"avatar-phone\" style=\"display:none !important\">\n\t\t\t\t\t<i class=\"fa fa-phone\"><\/i>\n\t\t\t\t\t<a href=\"tel:\"><\/a>\n\t\t\t\t<\/div>\n\t\t\t<\/div>\n\t\t<\/div>\n\n\t\t\t\t<\/div>\n\t\t\t\t<\/div>\n\t\t\t\t\t<\/div>\n\t\t<\/div>\n\t\t\t\t<div class=\"elementor-column elementor-col-20 elementor-top-column elementor-element elementor-element-28ed1d9\" data-id=\"28ed1d9\" data-element_type=\"column\">\n\t\t\t<div class=\"elementor-widget-wrap\">\n\t\t\t\t\t\t\t\t\t<\/div>\n\t\t<\/div>\n\t\t\t\t<div class=\"elementor-column elementor-col-20 elementor-top-column elementor-element elementor-element-ac46c71\" data-id=\"ac46c71\" data-element_type=\"column\">\n\t\t\t<div class=\"elementor-widget-wrap\">\n\t\t\t\t\t\t\t\t\t<\/div>\n\t\t<\/div>\n\t\t\t\t\t\t\t<\/div>\n\t\t<\/section>\n\t\t\t\t<section class=\"elementor-section elementor-top-section elementor-element elementor-element-8e13538 elementor-section-boxed elementor-section-height-default elementor-section-height-default\" data-id=\"8e13538\" data-element_type=\"section\" data-settings=\"{&quot;background_background&quot;:&quot;classic&quot;}\">\n\t\t\t\t\t\t<div class=\"elementor-container elementor-column-gap-default\">\n\t\t\t\t\t<div class=\"elementor-column elementor-col-25 elementor-top-column elementor-element elementor-element-ce57c74\" data-id=\"ce57c74\" data-element_type=\"column\">\n\t\t\t<div class=\"elementor-widget-wrap elementor-element-populated\">\n\t\t\t\t\t\t\t\t<div class=\"elementor-element elementor-element-47d1a20 elementor-widget elementor-widget-ova_avatar\" data-id=\"47d1a20\" data-element_type=\"widget\" data-widget_type=\"ova_avatar.default\">\n\t\t\t\t<div class=\"elementor-widget-container\">\n\t\t\t\t\t\n\t\t<div class=\"ova-avatar\">\n\t\t\t<div class=\"avatar-img\">\n\t\t\t\t<a href=\"\" target=\"_blank\">\n\t\t\t\t\t<img decoding=\"async\" src=\"http:\/\/www.atkoykoop.com\/wp-content\/uploads\/2022\/11\/perslo.png\" alt=\"\">\n\t\t\t\t<\/a>\n\t\t\t<\/div>\n\t\t\t<div class=\"avatar-content\">\n\t\t\t\t<div class=\"avatar-social\" style=\"display:none !important\">\n\t\t\t\t\t<ul>\n\t\t\t\t\t\t\t\t\t\t\t\t\t<li>\n\t\t\t\t\t\t\t\t<a href=\"#\">\n\t\t\t\t\t\t\t\t\t<i class=\"fab fa-twitter\"><\/i>\n\t\t\t\t\t\t\t\t<\/a>\n\t\t\t\t\t\t\t<\/li>\n\t\t\t\t\t\t\t\t\t\t\t<\/ul>\n\t\t\t\t<\/div>\n\t\t\t\t<div class=\"avatar-name\">\n\t\t\t\t\t<a href=\"\">M. Y\u00fccel T\u00dcR<\/a>\n\t\t\t\t<\/div>\n\t\t\t\t<div class=\"avatar-job\">\n\t\t\t\t\t<p>Y\u00f6netim Kurulu Ba\u015fkan Yard\u0131mc\u0131s\u0131<\/p>\n\t\t\t\t<\/div>\n\t\t\t\t<div class=\"avatar-email\" style=\"display:none !important\">\n\t\t\t\t\t<i class=\"fa fa-envelope-o\"><\/i>\n\t\t\t\t\t<a href=\"mailto:\"><\/a>\n\t\t\t\t<\/div>\n\t\t\t\t<div class=\"avatar-phone\" style=\"display:none !important\">\n\t\t\t\t\t<i class=\"fa fa-phone\"><\/i>\n\t\t\t\t\t<a href=\"tel:\"><\/a>\n\t\t\t\t<\/div>\n\t\t\t<\/div>\n\t\t<\/div>\n\n\t\t\t\t<\/div>\n\t\t\t\t<\/div>\n\t\t\t\t\t<\/div>\n\t\t<\/div>\n\t\t\t\t<div class=\"elementor-column elementor-col-25 elementor-top-column elementor-element elementor-element-a5af8c5\" data-id=\"a5af8c5\" data-element_type=\"column\">\n\t\t\t<div class=\"elementor-widget-wrap elementor-element-populated\">\n\t\t\t\t\t\t\t\t<div class=\"elementor-element elementor-element-2b9ac59 elementor-widget elementor-widget-ova_avatar\" data-id=\"2b9ac59\" data-element_type=\"widget\" data-widget_type=\"ova_avatar.default\">\n\t\t\t\t<div class=\"elementor-widget-container\">\n\t\t\t\t\t\n\t\t<div class=\"ova-avatar\">\n\t\t\t<div class=\"avatar-img\">\n\t\t\t\t<a href=\"\" target=\"_blank\">\n\t\t\t\t\t<img decoding=\"async\" src=\"http:\/\/www.atkoykoop.com\/wp-content\/uploads\/2022\/11\/perslo.png\" alt=\"\">\n\t\t\t\t<\/a>\n\t\t\t<\/div>\n\t\t\t<div class=\"avatar-content\">\n\t\t\t\t<div class=\"avatar-social\" style=\"display:none !important\">\n\t\t\t\t\t<ul>\n\t\t\t\t\t\t\t\t\t\t\t\t\t<li>\n\t\t\t\t\t\t\t\t<a href=\"#\">\n\t\t\t\t\t\t\t\t\t<i class=\"fab fa-twitter\"><\/i>\n\t\t\t\t\t\t\t\t<\/a>\n\t\t\t\t\t\t\t<\/li>\n\t\t\t\t\t\t\t\t\t\t\t<\/ul>\n\t\t\t\t<\/div>\n\t\t\t\t<div class=\"avatar-name\">\n\t\t\t\t\t<a href=\"\">Fatih S\u0130DAT<\/a>\n\t\t\t\t<\/div>\n\t\t\t\t<div class=\"avatar-job\">\n\t\t\t\t\t<p>Muhasip \u00dcye<\/p>\n\t\t\t\t<\/div>\n\t\t\t\t<div class=\"avatar-email\" style=\"display:none !important\">\n\t\t\t\t\t<i class=\"fa fa-envelope-o\"><\/i>\n\t\t\t\t\t<a href=\"mailto:\"><\/a>\n\t\t\t\t<\/div>\n\t\t\t\t<div class=\"avatar-phone\" style=\"display:none !important\">\n\t\t\t\t\t<i class=\"fa fa-phone\"><\/i>\n\t\t\t\t\t<a href=\"tel:\"><\/a>\n\t\t\t\t<\/div>\n\t\t\t<\/div>\n\t\t<\/div>\n\n\t\t\t\t<\/div>\n\t\t\t\t<\/div>\n\t\t\t\t\t<\/div>\n\t\t<\/div>\n\t\t\t\t<div class=\"elementor-column elementor-col-25 elementor-top-column elementor-element elementor-element-4cc2d78\" data-id=\"4cc2d78\" data-element_type=\"column\">\n\t\t\t<div class=\"elementor-widget-wrap elementor-element-populated\">\n\t\t\t\t\t\t\t\t<div class=\"elementor-element elementor-element-2d29529 elementor-widget elementor-widget-ova_avatar\" data-id=\"2d29529\" data-element_type=\"widget\" data-widget_type=\"ova_avatar.default\">\n\t\t\t\t<div class=\"elementor-widget-container\">\n\t\t\t\t\t\n\t\t<div class=\"ova-avatar\">\n\t\t\t<div class=\"avatar-img\">\n\t\t\t\t<a href=\"\" target=\"_blank\">\n\t\t\t\t\t<img decoding=\"async\" src=\"http:\/\/www.atkoykoop.com\/wp-content\/uploads\/2022\/11\/perslo.png\" alt=\"\">\n\t\t\t\t<\/a>\n\t\t\t<\/div>\n\t\t\t<div class=\"avatar-content\">\n\t\t\t\t<div class=\"avatar-social\" style=\"display:none !important\">\n\t\t\t\t\t<ul>\n\t\t\t\t\t\t\t\t\t\t\t\t\t<li>\n\t\t\t\t\t\t\t\t<a href=\"#\">\n\t\t\t\t\t\t\t\t\t<i class=\"fab fa-twitter\"><\/i>\n\t\t\t\t\t\t\t\t<\/a>\n\t\t\t\t\t\t\t<\/li>\n\t\t\t\t\t\t\t\t\t\t\t<\/ul>\n\t\t\t\t<\/div>\n\t\t\t\t<div class=\"avatar-name\">\n\t\t\t\t\t<a href=\"\">Erhan AYGAN<\/a>\n\t\t\t\t<\/div>\n\t\t\t\t<div class=\"avatar-job\">\n\t\t\t\t\t<p>\u00dcye<\/p>\n\t\t\t\t<\/div>\n\t\t\t\t<div class=\"avatar-email\" style=\"display:none !important\">\n\t\t\t\t\t<i class=\"fa fa-envelope-o\"><\/i>\n\t\t\t\t\t<a href=\"mailto:\"><\/a>\n\t\t\t\t<\/div>\n\t\t\t\t<div class=\"avatar-phone\" style=\"display:none !important\">\n\t\t\t\t\t<i class=\"fa fa-phone\"><\/i>\n\t\t\t\t\t<a href=\"tel:\"><\/a>\n\t\t\t\t<\/div>\n\t\t\t<\/div>\n\t\t<\/div>\n\n\t\t\t\t<\/div>\n\t\t\t\t<\/div>\n\t\t\t\t\t<\/div>\n\t\t<\/div>\n\t\t\t\t<div class=\"elementor-column elementor-col-25 elementor-top-column elementor-element elementor-element-7d2d8e3\" data-id=\"7d2d8e3\" data-element_type=\"column\">\n\t\t\t<div class=\"elementor-widget-wrap elementor-element-populated\">\n\t\t\t\t\t\t\t\t<div class=\"elementor-element elementor-element-95bc618 elementor-widget elementor-widget-ova_avatar\" data-id=\"95bc618\" data-element_type=\"widget\" data-widget_type=\"ova_avatar.default\">\n\t\t\t\t<div class=\"elementor-widget-container\">\n\t\t\t\t\t\n\t\t<div class=\"ova-avatar\">\n\t\t\t<div class=\"avatar-img\">\n\t\t\t\t<a href=\"\" target=\"_blank\">\n\t\t\t\t\t<img decoding=\"async\" src=\"http:\/\/www.atkoykoop.com\/wp-content\/uploads\/2022\/11\/perslo.png\" alt=\"\">\n\t\t\t\t<\/a>\n\t\t\t<\/div>\n\t\t\t<div class=\"avatar-content\">\n\t\t\t\t<div class=\"avatar-social\" style=\"display:none !important\">\n\t\t\t\t\t<ul>\n\t\t\t\t\t\t\t\t\t\t\t\t\t<li>\n\t\t\t\t\t\t\t\t<a href=\"#\">\n\t\t\t\t\t\t\t\t\t<i class=\"fab fa-twitter\"><\/i>\n\t\t\t\t\t\t\t\t<\/a>\n\t\t\t\t\t\t\t<\/li>\n\t\t\t\t\t\t\t\t\t\t\t<\/ul>\n\t\t\t\t<\/div>\n\t\t\t\t<div class=\"avatar-name\">\n\t\t\t\t\t<a href=\"\">Nejat TANIK<\/a>\n\t\t\t\t<\/div>\n\t\t\t\t<div class=\"avatar-job\">\n\t\t\t\t\t<p>\u00dcye<\/p>\n\t\t\t\t<\/div>\n\t\t\t\t<div class=\"avatar-email\" style=\"display:none !important\">\n\t\t\t\t\t<i class=\"fa fa-envelope-o\"><\/i>\n\t\t\t\t\t<a href=\"mailto:\"><\/a>\n\t\t\t\t<\/div>\n\t\t\t\t<div class=\"avatar-phone\" style=\"display:none !important\">\n\t\t\t\t\t<i class=\"fa fa-phone\"><\/i>\n\t\t\t\t\t<a href=\"tel:\"><\/a>\n\t\t\t\t<\/div>\n\t\t\t<\/div>\n\t\t<\/div>\n\n\t\t\t\t<\/div>\n\t\t\t\t<\/div>\n\t\t\t\t\t<\/div>\n\t\t<\/div>\n\t\t\t\t\t\t\t<\/div>\n\t\t<\/section>\n\t\t\t\t\t\t\t<\/div>\n\t\t","protected":false},"excerpt":{"rendered":"<p>Faruk \u00d6ZEN Y\u00f6netim Kurulu Ba\u015fkan\u0131 M. Y\u00fccel T\u00dcR Y\u00f6netim Kurulu Ba\u015fkan Yard\u0131mc\u0131s\u0131 Fatih S\u0130DAT Muhasip \u00dcye Erhan AYGAN \u00dcye Nejat TANIK \u00dcye<\/p>\n","protected":false},"author":1,"featured_media":0,"parent":0,"menu_order":0,"comment_status":"closed","ping_status":"closed","template":"elementor_header_footer","meta":{"footnotes":""},"class_list":["post-3178","page","type-page","status-publish","hentry"],"_links":{"self":[{"href":"http:\/\/www.atkoykoop.com\/index.php\/wp-json\/wp\/v2\/pages\/3178","targetHints":{"allow":["GET"]}}],"collection":[{"href":"http:\/\/www.atkoykoop.com\/index.php\/wp-json\/wp\/v2\/pages"}],"about":[{"href":"http:\/\/www.atkoykoop.com\/index.php\/wp-json\/wp\/v2\/types\/page"}],"author":[{"embeddable":true,"href":"http:\/\/www.atkoykoop.com\/index.php\/wp-json\/wp\/v2\/users\/1"}],"replies":[{"embeddable":true,"href":"http:\/\/www.atkoykoop.com\/index.php\/wp-json\/wp\/v2\/comments?post=3178"}],"version-history":[{"count":31,"href":"http:\/\/www.atkoykoop.com\/index.php\/wp-json\/wp\/v2\/pages\/3178\/revisions"}],"predecessor-version":[{"id":5219,"href":"http:\/\/www.atkoykoop.com\/index.php\/wp-json\/wp\/v2\/pages\/3178\/revisions\/5219"}],"wp:attachment":[{"href":"http:\/\/www.atkoykoop.com\/index.php\/wp-json\/wp\/v2\/media?parent=3178"}],"curies":[{"name":"wp","href":"https:\/\/api.w.org\/{rel}","templated":true}]}}