{"id":3389,"date":"2021-02-22T01:34:47","date_gmt":"2021-02-22T01:34:47","guid":{"rendered":"http:\/\/demo.ovathemes.com\/asting\/?page_id=3389"},"modified":"2024-09-04T11:46:12","modified_gmt":"2024-09-04T11:46:12","slug":"contact","status":"publish","type":"page","link":"http:\/\/www.atkoykoop.com\/index.php\/contact\/","title":{"rendered":"\u0130leti\u015fim"},"content":{"rendered":"\t\t<div data-elementor-type=\"wp-page\" data-elementor-id=\"3389\" class=\"elementor elementor-3389\">\n\t\t\t\t\t\t\t\t\t<section class=\"elementor-section elementor-top-section elementor-element elementor-element-7d091e6 elementor-section-boxed elementor-section-height-default elementor-section-height-default\" data-id=\"7d091e6\" data-element_type=\"section\">\n\t\t\t\t\t\t<div class=\"elementor-container elementor-column-gap-default\">\n\t\t\t\t\t<div class=\"elementor-column elementor-col-100 elementor-top-column elementor-element elementor-element-3be7c1c\" data-id=\"3be7c1c\" data-element_type=\"column\">\n\t\t\t<div class=\"elementor-widget-wrap elementor-element-populated\">\n\t\t\t\t\t\t\t\t<div class=\"elementor-element elementor-element-e46a054 elementor-widget elementor-widget-ova_heading\" data-id=\"e46a054\" data-element_type=\"widget\" data-widget_type=\"ova_heading.default\">\n\t\t\t\t<div class=\"elementor-widget-container\">\n\t\t\t\t\t<div class=\"ova-heading\">\n\n\t\t\t\t\t\t\t<h4 class=\"sub_title thrid_font\">Atk\u00f6y Kooperatifi<\/h4>\n\t\t\t\t\t\t\n\t\t\t\t\t\t\t<h2 class=\"title second_font\">\u0130leti\u015fim Bilgileri<\/h2>\n\t\t\t\n\t\t\t\n\t\t<\/div>\n\t\t\t\t<\/div>\n\t\t\t\t<\/div>\n\t\t\t\t\t<\/div>\n\t\t<\/div>\n\t\t\t\t\t\t\t<\/div>\n\t\t<\/section>\n\t\t\t\t<section class=\"elementor-section elementor-top-section elementor-element elementor-element-800b114 elementor-section-boxed elementor-section-height-default elementor-section-height-default\" data-id=\"800b114\" data-element_type=\"section\">\n\t\t\t\t\t\t<div class=\"elementor-container elementor-column-gap-default\">\n\t\t\t\t\t<div class=\"elementor-column elementor-col-50 elementor-top-column elementor-element elementor-element-89f1b33\" data-id=\"89f1b33\" data-element_type=\"column\">\n\t\t\t<div class=\"elementor-widget-wrap elementor-element-populated\">\n\t\t\t\t\t\t\t\t<div class=\"elementor-element elementor-element-9a3c747 elementor-widget elementor-widget-google_maps\" data-id=\"9a3c747\" data-element_type=\"widget\" data-widget_type=\"google_maps.default\">\n\t\t\t\t<div class=\"elementor-widget-container\">\n\t\t\t<style>\/*! elementor - v3.12.1 - 02-04-2023 *\/\n.elementor-widget-google_maps .elementor-widget-container{overflow:hidden}.elementor-widget-google_maps .elementor-custom-embed{line-height:0}.elementor-widget-google_maps iframe{height:300px}<\/style>\t\t<div class=\"elementor-custom-embed\">\n\t\t\t<iframe loading=\"lazy\"\n\t\t\t\t\tsrc=\"https:\/\/maps.google.com\/maps?q=39.571801031657%2C%2027.98690677247912&#038;t=m&#038;z=16&#038;output=embed&#038;iwloc=near\"\n\t\t\t\t\ttitle=\"39.571801031657, 27.98690677247912\"\n\t\t\t\t\taria-label=\"39.571801031657, 27.98690677247912\"\n\t\t\t><\/iframe>\n\t\t<\/div>\n\t\t\t\t<\/div>\n\t\t\t\t<\/div>\n\t\t\t\t\t<\/div>\n\t\t<\/div>\n\t\t\t\t<div class=\"elementor-column elementor-col-50 elementor-top-column elementor-element elementor-element-b26e6ac\" data-id=\"b26e6ac\" data-element_type=\"column\" data-settings=\"{&quot;background_background&quot;:&quot;classic&quot;}\">\n\t\t\t<div class=\"elementor-widget-wrap elementor-element-populated\">\n\t\t\t\t\t\t\t\t<div class=\"elementor-element elementor-element-9370b7a elementor-widget elementor-widget-text-editor\" data-id=\"9370b7a\" data-element_type=\"widget\" data-widget_type=\"text-editor.default\">\n\t\t\t\t<div class=\"elementor-widget-container\">\n\t\t\t<style>\/*! elementor - v3.12.1 - 02-04-2023 *\/\n.elementor-widget-text-editor.elementor-drop-cap-view-stacked .elementor-drop-cap{background-color:#69727d;color:#fff}.elementor-widget-text-editor.elementor-drop-cap-view-framed .elementor-drop-cap{color:#69727d;border:3px solid;background-color:transparent}.elementor-widget-text-editor:not(.elementor-drop-cap-view-default) .elementor-drop-cap{margin-top:8px}.elementor-widget-text-editor:not(.elementor-drop-cap-view-default) .elementor-drop-cap-letter{width:1em;height:1em}.elementor-widget-text-editor .elementor-drop-cap{float:left;text-align:center;line-height:1;font-size:50px}.elementor-widget-text-editor .elementor-drop-cap-letter{display:inline-block}<\/style>\t\t\t\t<p>K\u00fcnye<\/p>\t\t\t\t\t\t<\/div>\n\t\t\t\t<\/div>\n\t\t\t\t<div class=\"elementor-element elementor-element-8cb0aa2 elementor-widget elementor-widget-text-editor\" data-id=\"8cb0aa2\" data-element_type=\"widget\" data-widget_type=\"text-editor.default\">\n\t\t\t\t<div class=\"elementor-widget-container\">\n\t\t\t\t\t\t\t<p>S.S Atk\u00f6y ve \u00c7evresi Tar\u0131msal Kalk\u0131nma Kooperatifi<br>Ticaret Sicil No: 8219<br>Karesi V.D. \/ No: 7350066425<\/p>\t\t\t\t\t\t<\/div>\n\t\t\t\t<\/div>\n\t\t\t\t<div class=\"elementor-element elementor-element-51140c6 elementor-widget elementor-widget-text-editor\" data-id=\"51140c6\" data-element_type=\"widget\" data-widget_type=\"text-editor.default\">\n\t\t\t\t<div class=\"elementor-widget-container\">\n\t\t\t\t\t\t\t<p>Adres<\/p>\t\t\t\t\t\t<\/div>\n\t\t\t\t<\/div>\n\t\t\t\t<div class=\"elementor-element elementor-element-b21bf8e elementor-widget elementor-widget-text-editor\" data-id=\"b21bf8e\" data-element_type=\"widget\" data-widget_type=\"text-editor.default\">\n\t\t\t\t<div class=\"elementor-widget-container\">\n\t\t\t\t\t\t\t<p>Atk\u00f6y Mahallesi 20027. Sokak No:1<br \/>Alt\u0131eyl\u00fcl \/ Bal\u0131kesir<\/p>\t\t\t\t\t\t<\/div>\n\t\t\t\t<\/div>\n\t\t\t\t<div class=\"elementor-element elementor-element-2eebeda elementor-widget elementor-widget-text-editor\" data-id=\"2eebeda\" data-element_type=\"widget\" data-widget_type=\"text-editor.default\">\n\t\t\t\t<div class=\"elementor-widget-container\">\n\t\t\t\t\t\t\t<p>Telefon<\/p>\t\t\t\t\t\t<\/div>\n\t\t\t\t<\/div>\n\t\t\t\t<div class=\"elementor-element elementor-element-8b4eb8b elementor-widget elementor-widget-ova_contact_info\" data-id=\"8b4eb8b\" data-element_type=\"widget\" data-widget_type=\"ova_contact_info.default\">\n\t\t\t\t<div class=\"elementor-widget-container\">\n\t\t\t\t\t<div class=\"ova-contact-info type1\">\n\n\t\t\t<div class=\"icon\">\n\t\t\t\t<i data-feather=\"phone-incoming\"><\/i>\t\t\t<\/div>\n\n\t\t\t\t\t\t\t<div class=\"address\">\n\t\t\t\t\t\t\t\t\t\t\t\t\t\t\t<span class=\"text_link\"><a href='tel:+902662672527'>Sabit: <span>0266 267 2527<\/span><\/a><\/span>\n\t\t\t\t<\/div>\n\t\t\t\t\t\t\n\t\t<\/div>\n\t\t\t\t<\/div>\n\t\t\t\t<\/div>\n\t\t\t\t<div class=\"elementor-element elementor-element-e7f4fd8 elementor-widget elementor-widget-ova_contact_info\" data-id=\"e7f4fd8\" data-element_type=\"widget\" data-widget_type=\"ova_contact_info.default\">\n\t\t\t\t<div class=\"elementor-widget-container\">\n\t\t\t\t\t<div class=\"ova-contact-info type1\">\n\n\t\t\t<div class=\"icon\">\n\t\t\t\t<i data-feather=\"phone-incoming\"><\/i>\t\t\t<\/div>\n\n\t\t\t\t\t\t\t<div class=\"address\">\n\t\t\t\t\t\t\t\t\t\t\t\t\t\t\t<span class=\"text_link\"><a href='tel:+905336695717'>Mobil: <span>0530 406 20 45<\/span><\/a><\/span>\n\t\t\t\t<\/div>\n\t\t\t\t\t\t\n\t\t<\/div>\n\t\t\t\t<\/div>\n\t\t\t\t<\/div>\n\t\t\t\t<div class=\"elementor-element elementor-element-5fcde04 elementor-widget elementor-widget-text-editor\" data-id=\"5fcde04\" data-element_type=\"widget\" data-widget_type=\"text-editor.default\">\n\t\t\t\t<div class=\"elementor-widget-container\">\n\t\t\t\t\t\t\t<span>Email<\/span>\t\t\t\t\t\t<\/div>\n\t\t\t\t<\/div>\n\t\t\t\t<div class=\"elementor-element elementor-element-09511ea elementor-widget elementor-widget-ova_contact_info\" data-id=\"09511ea\" data-element_type=\"widget\" data-widget_type=\"ova_contact_info.default\">\n\t\t\t\t<div class=\"elementor-widget-container\">\n\t\t\t\t\t<div class=\"ova-contact-info type1\">\n\n\t\t\t<div class=\"icon\">\n\t\t\t\t<i data-feather=\"mail\"><\/i>\t\t\t<\/div>\n\n\t\t\t\t\t\t\t<div class=\"address\">\n\t\t\t\t\t\t\t\t\t\t\t\t\t\t\t<span class=\"text_link\"><a href='mailto:bilgi@atkoykoop.com'> <span>bilgi@atkoykoop.com<\/span><\/a><\/span>\n\t\t\t\t<\/div>\n\t\t\t\t\t\t\n\t\t<\/div>\n\t\t\t\t<\/div>\n\t\t\t\t<\/div>\n\t\t\t\t<div class=\"elementor-element elementor-element-cde44b1 elementor-widget elementor-widget-text-editor\" data-id=\"cde44b1\" data-element_type=\"widget\" data-widget_type=\"text-editor.default\">\n\t\t\t\t<div class=\"elementor-widget-container\">\n\t\t\t\t\t\t\t<p>Sosyal Medya Hesaplar\u0131m\u0131z<\/p>\t\t\t\t\t\t<\/div>\n\t\t\t\t<\/div>\n\t\t\t\t<div class=\"elementor-element elementor-element-0edd580 elementor-widget__width-auto elementor-widget elementor-widget-ova_social\" data-id=\"0edd580\" data-element_type=\"widget\" data-widget_type=\"ova_social.default\">\n\t\t\t\t<div class=\"elementor-widget-container\">\n\t\t\t\t\t<div class=\"ova_social ova-framework-social-icons-wrapper\">\n\t\t\t<div class=\"content\">\n\t\t\t\t\n\t\t\t\t\t\t\t\t\t\t<a class=\"ova-framework-icon ova-framework-social-icon ova-framework-social-icon-facebook-square\" style=\" background-color: #465FDD\" href=\"#\" target=\"_blank\">\n\t\t\t\t\t\t<span class=\"ova-framework-screen-only\">Facebook-square<\/span>\n\t\t\t\t\t\t<i class=\"fa fa-facebook-square\" style=\" color: #FFFFFF\"><\/i>\n\t\t\t\t\t<\/a>\n\t\t\t\t\n\t\t\t\t\t\t\t\t\t\t<a class=\"ova-framework-icon ova-framework-social-icon ova-framework-social-icon-twitter\" style=\" background-color: #56B4E5\" href=\"#\" target=\"_blank\">\n\t\t\t\t\t\t<span class=\"ova-framework-screen-only\">Twitter<\/span>\n\t\t\t\t\t\t<i class=\"fa fa-twitter\" style=\" color: #FFFFFF\"><\/i>\n\t\t\t\t\t<\/a>\n\t\t\t\t\n\t\t\t\t\t\t\t\t\t\t<a class=\"ova-framework-icon ova-framework-social-icon ova-framework-social-icon-instagram\" style=\" background-color: #5374A0\" href=\"#\" target=\"_blank\">\n\t\t\t\t\t\t<span class=\"ova-framework-screen-only\">Instagram<\/span>\n\t\t\t\t\t\t<i class=\"fa fa-instagram\" style=\" color: #FFFFFF\"><\/i>\n\t\t\t\t\t<\/a>\n\t\t\t\t\n\t\t\t\t\t\t\t\t\t\t<a class=\"ova-framework-icon ova-framework-social-icon ova-framework-social-icon-youtube\" style=\" background-color: #D8423F\" href=\"#\" target=\"_blank\">\n\t\t\t\t\t\t<span class=\"ova-framework-screen-only\">Youtube<\/span>\n\t\t\t\t\t\t<i class=\"fa fa-youtube\" style=\" color: #FFFFFF\"><\/i>\n\t\t\t\t\t<\/a>\n\t\t\t\t\t\t\t<\/div>\n\t\t<\/div>\n\t\t\t\t<\/div>\n\t\t\t\t<\/div>\n\t\t\t\t\t<\/div>\n\t\t<\/div>\n\t\t\t\t\t\t\t<\/div>\n\t\t<\/section>\n\t\t\t\t\t\t\t<\/div>\n\t\t","protected":false},"excerpt":{"rendered":"<p>Atk\u00f6y Kooperatifi \u0130leti\u015fim Bilgileri K\u00fcnye S.S Atk\u00f6y ve \u00c7evresi Tar\u0131msal Kalk\u0131nma KooperatifiTicaret Sicil No: 8219Karesi V.D. \/ No: 7350066425 Adres Atk\u00f6y Mahallesi 20027. Sokak No:1Alt\u0131eyl\u00fcl \/ Bal\u0131kesir Telefon Sabit: 0266 267 2527 Mobil: 0530 406 20 45 Email bilgi@atkoykoop.com Sosyal Medya Hesaplar\u0131m\u0131z Facebook-square Twitter Instagram Youtube<\/p>\n","protected":false},"author":1,"featured_media":0,"parent":0,"menu_order":0,"comment_status":"closed","ping_status":"closed","template":"elementor_header_footer","meta":{"footnotes":""},"class_list":["post-3389","page","type-page","status-publish","hentry"],"_links":{"self":[{"href":"http:\/\/www.atkoykoop.com\/index.php\/wp-json\/wp\/v2\/pages\/3389","targetHints":{"allow":["GET"]}}],"collection":[{"href":"http:\/\/www.atkoykoop.com\/index.php\/wp-json\/wp\/v2\/pages"}],"about":[{"href":"http:\/\/www.atkoykoop.com\/index.php\/wp-json\/wp\/v2\/types\/page"}],"author":[{"embeddable":true,"href":"http:\/\/www.atkoykoop.com\/index.php\/wp-json\/wp\/v2\/users\/1"}],"replies":[{"embeddable":true,"href":"http:\/\/www.atkoykoop.com\/index.php\/wp-json\/wp\/v2\/comments?post=3389"}],"version-history":[{"count":34,"href":"http:\/\/www.atkoykoop.com\/index.php\/wp-json\/wp\/v2\/pages\/3389\/revisions"}],"predecessor-version":[{"id":5327,"href":"http:\/\/www.atkoykoop.com\/index.php\/wp-json\/wp\/v2\/pages\/3389\/revisions\/5327"}],"wp:attachment":[{"href":"http:\/\/www.atkoykoop.com\/index.php\/wp-json\/wp\/v2\/media?parent=3389"}],"curies":[{"name":"wp","href":"https:\/\/api.w.org\/{rel}","templated":true}]}}