{"id":4909,"date":"2022-11-16T11:14:02","date_gmt":"2022-11-16T11:14:02","guid":{"rendered":"http:\/\/www.atkoykoop.com\/?page_id=4909"},"modified":"2024-01-17T11:51:27","modified_gmt":"2024-01-17T11:51:27","slug":"denetim-kurulu","status":"publish","type":"page","link":"http:\/\/www.atkoykoop.com\/index.php\/denetim-kurulu\/","title":{"rendered":"Denetim Kurulu"},"content":{"rendered":"\t\t<div data-elementor-type=\"wp-page\" data-elementor-id=\"4909\" class=\"elementor elementor-4909\">\n\t\t\t\t\t\t\t\t\t<section class=\"elementor-section elementor-top-section elementor-element elementor-element-4ba618e elementor-section-boxed elementor-section-height-default elementor-section-height-default\" data-id=\"4ba618e\" data-element_type=\"section\" data-settings=\"{&quot;background_background&quot;:&quot;classic&quot;}\">\n\t\t\t\t\t\t<div class=\"elementor-container elementor-column-gap-default\">\n\t\t\t\t\t<div class=\"elementor-column elementor-col-20 elementor-top-column elementor-element elementor-element-87bf0cb\" data-id=\"87bf0cb\" data-element_type=\"column\">\n\t\t\t<div class=\"elementor-widget-wrap\">\n\t\t\t\t\t\t\t\t\t<\/div>\n\t\t<\/div>\n\t\t\t\t<div class=\"elementor-column elementor-col-20 elementor-top-column elementor-element elementor-element-63583f5\" data-id=\"63583f5\" data-element_type=\"column\">\n\t\t\t<div class=\"elementor-widget-wrap elementor-element-populated\">\n\t\t\t\t\t\t\t\t<div class=\"elementor-element elementor-element-484f92c elementor-widget elementor-widget-ova_avatar\" data-id=\"484f92c\" data-element_type=\"widget\" data-widget_type=\"ova_avatar.default\">\n\t\t\t\t<div class=\"elementor-widget-container\">\n\t\t\t\t\t\n\t\t<div class=\"ova-avatar\">\n\t\t\t<div class=\"avatar-img\">\n\t\t\t\t<a href=\"\" target=\"_blank\">\n\t\t\t\t\t<img decoding=\"async\" src=\"http:\/\/www.atkoykoop.com\/wp-content\/uploads\/2022\/11\/perslo.png\" alt=\"\">\n\t\t\t\t<\/a>\n\t\t\t<\/div>\n\t\t\t<div class=\"avatar-content\">\n\t\t\t\t<div class=\"avatar-social\" style=\"display:none !important\">\n\t\t\t\t\t<ul>\n\t\t\t\t\t\t\t\t\t\t\t\t\t<li>\n\t\t\t\t\t\t\t\t<a href=\"#\">\n\t\t\t\t\t\t\t\t\t<i class=\"fab fa-twitter\"><\/i>\n\t\t\t\t\t\t\t\t<\/a>\n\t\t\t\t\t\t\t<\/li>\n\t\t\t\t\t\t\t\t\t\t\t<\/ul>\n\t\t\t\t<\/div>\n\t\t\t\t<div class=\"avatar-name\">\n\t\t\t\t\t<a href=\"\">H\u00fcseyin KIRMAZ<\/a>\n\t\t\t\t<\/div>\n\t\t\t\t<div class=\"avatar-job\">\n\t\t\t\t\t<p>\u00dcye<\/p>\n\t\t\t\t<\/div>\n\t\t\t\t<div class=\"avatar-email\" style=\"display:none !important\">\n\t\t\t\t\t<i class=\"fa fa-envelope-o\"><\/i>\n\t\t\t\t\t<a href=\"mailto:\"><\/a>\n\t\t\t\t<\/div>\n\t\t\t\t<div class=\"avatar-phone\" style=\"display:none !important\">\n\t\t\t\t\t<i class=\"fa fa-phone\"><\/i>\n\t\t\t\t\t<a href=\"tel:\"><\/a>\n\t\t\t\t<\/div>\n\t\t\t<\/div>\n\t\t<\/div>\n\n\t\t\t\t<\/div>\n\t\t\t\t<\/div>\n\t\t\t\t\t<\/div>\n\t\t<\/div>\n\t\t\t\t<div class=\"elementor-column elementor-col-20 elementor-top-column elementor-element elementor-element-cdd66fc\" data-id=\"cdd66fc\" data-element_type=\"column\">\n\t\t\t<div class=\"elementor-widget-wrap elementor-element-populated\">\n\t\t\t\t\t\t\t\t<div class=\"elementor-element elementor-element-5772049 elementor-widget elementor-widget-ova_avatar\" data-id=\"5772049\" data-element_type=\"widget\" data-widget_type=\"ova_avatar.default\">\n\t\t\t\t<div class=\"elementor-widget-container\">\n\t\t\t\t\t\n\t\t<div class=\"ova-avatar\">\n\t\t\t<div class=\"avatar-img\">\n\t\t\t\t<a href=\"\" target=\"_blank\">\n\t\t\t\t\t<img decoding=\"async\" src=\"http:\/\/www.atkoykoop.com\/wp-content\/uploads\/2022\/11\/perslo.png\" alt=\"\">\n\t\t\t\t<\/a>\n\t\t\t<\/div>\n\t\t\t<div class=\"avatar-content\">\n\t\t\t\t<div class=\"avatar-social\" style=\"display:none !important\">\n\t\t\t\t\t<ul>\n\t\t\t\t\t\t\t\t\t\t\t\t\t<li>\n\t\t\t\t\t\t\t\t<a href=\"#\">\n\t\t\t\t\t\t\t\t\t<i class=\"fab fa-twitter\"><\/i>\n\t\t\t\t\t\t\t\t<\/a>\n\t\t\t\t\t\t\t<\/li>\n\t\t\t\t\t\t\t\t\t\t\t<\/ul>\n\t\t\t\t<\/div>\n\t\t\t\t<div class=\"avatar-name\">\n\t\t\t\t\t<a href=\"\">M\u00fcrsel DUYAN<\/a>\n\t\t\t\t<\/div>\n\t\t\t\t<div class=\"avatar-job\">\n\t\t\t\t\t<p>\u00dcye<\/p>\n\t\t\t\t<\/div>\n\t\t\t\t<div class=\"avatar-email\" style=\"display:none !important\">\n\t\t\t\t\t<i class=\"fa fa-envelope-o\"><\/i>\n\t\t\t\t\t<a href=\"mailto:\"><\/a>\n\t\t\t\t<\/div>\n\t\t\t\t<div class=\"avatar-phone\" style=\"display:none !important\">\n\t\t\t\t\t<i class=\"fa fa-phone\"><\/i>\n\t\t\t\t\t<a href=\"tel:\"><\/a>\n\t\t\t\t<\/div>\n\t\t\t<\/div>\n\t\t<\/div>\n\n\t\t\t\t<\/div>\n\t\t\t\t<\/div>\n\t\t\t\t\t<\/div>\n\t\t<\/div>\n\t\t\t\t<div class=\"elementor-column elementor-col-20 elementor-top-column elementor-element elementor-element-81b1b80\" data-id=\"81b1b80\" data-element_type=\"column\">\n\t\t\t<div class=\"elementor-widget-wrap elementor-element-populated\">\n\t\t\t\t\t\t\t\t<div class=\"elementor-element elementor-element-ac3a326 elementor-widget elementor-widget-ova_avatar\" data-id=\"ac3a326\" data-element_type=\"widget\" data-widget_type=\"ova_avatar.default\">\n\t\t\t\t<div class=\"elementor-widget-container\">\n\t\t\t\t\t\n\t\t<div class=\"ova-avatar\">\n\t\t\t<div class=\"avatar-img\">\n\t\t\t\t<a href=\"\" target=\"_blank\">\n\t\t\t\t\t<img decoding=\"async\" src=\"http:\/\/www.atkoykoop.com\/wp-content\/uploads\/2022\/11\/perslo.png\" alt=\"\">\n\t\t\t\t<\/a>\n\t\t\t<\/div>\n\t\t\t<div class=\"avatar-content\">\n\t\t\t\t<div class=\"avatar-social\" style=\"display:none !important\">\n\t\t\t\t\t<ul>\n\t\t\t\t\t\t\t\t\t\t\t\t\t<li>\n\t\t\t\t\t\t\t\t<a href=\"#\">\n\t\t\t\t\t\t\t\t\t<i class=\"fab fa-twitter\"><\/i>\n\t\t\t\t\t\t\t\t<\/a>\n\t\t\t\t\t\t\t<\/li>\n\t\t\t\t\t\t\t\t\t\t\t<\/ul>\n\t\t\t\t<\/div>\n\t\t\t\t<div class=\"avatar-name\">\n\t\t\t\t\t<a href=\"\">Nail U\u00c7UN<\/a>\n\t\t\t\t<\/div>\n\t\t\t\t<div class=\"avatar-job\">\n\t\t\t\t\t<p>\u00dcye<\/p>\n\t\t\t\t<\/div>\n\t\t\t\t<div class=\"avatar-email\" style=\"display:none !important\">\n\t\t\t\t\t<i class=\"fa fa-envelope-o\"><\/i>\n\t\t\t\t\t<a href=\"mailto:\"><\/a>\n\t\t\t\t<\/div>\n\t\t\t\t<div class=\"avatar-phone\" style=\"display:none !important\">\n\t\t\t\t\t<i class=\"fa fa-phone\"><\/i>\n\t\t\t\t\t<a href=\"tel:\"><\/a>\n\t\t\t\t<\/div>\n\t\t\t<\/div>\n\t\t<\/div>\n\n\t\t\t\t<\/div>\n\t\t\t\t<\/div>\n\t\t\t\t\t<\/div>\n\t\t<\/div>\n\t\t\t\t<div class=\"elementor-column elementor-col-20 elementor-top-column elementor-element elementor-element-411361f\" data-id=\"411361f\" data-element_type=\"column\">\n\t\t\t<div class=\"elementor-widget-wrap\">\n\t\t\t\t\t\t\t\t\t<\/div>\n\t\t<\/div>\n\t\t\t\t\t\t\t<\/div>\n\t\t<\/section>\n\t\t\t\t\t\t\t<\/div>\n\t\t","protected":false},"excerpt":{"rendered":"<p>H\u00fcseyin KIRMAZ \u00dcye M\u00fcrsel DUYAN \u00dcye Nail U\u00c7UN \u00dcye<\/p>\n","protected":false},"author":1,"featured_media":0,"parent":0,"menu_order":0,"comment_status":"closed","ping_status":"closed","template":"","meta":{"footnotes":""},"class_list":["post-4909","page","type-page","status-publish","hentry"],"_links":{"self":[{"href":"http:\/\/www.atkoykoop.com\/index.php\/wp-json\/wp\/v2\/pages\/4909","targetHints":{"allow":["GET"]}}],"collection":[{"href":"http:\/\/www.atkoykoop.com\/index.php\/wp-json\/wp\/v2\/pages"}],"about":[{"href":"http:\/\/www.atkoykoop.com\/index.php\/wp-json\/wp\/v2\/types\/page"}],"author":[{"embeddable":true,"href":"http:\/\/www.atkoykoop.com\/index.php\/wp-json\/wp\/v2\/users\/1"}],"replies":[{"embeddable":true,"href":"http:\/\/www.atkoykoop.com\/index.php\/wp-json\/wp\/v2\/comments?post=4909"}],"version-history":[{"count":11,"href":"http:\/\/www.atkoykoop.com\/index.php\/wp-json\/wp\/v2\/pages\/4909\/revisions"}],"predecessor-version":[{"id":5216,"href":"http:\/\/www.atkoykoop.com\/index.php\/wp-json\/wp\/v2\/pages\/4909\/revisions\/5216"}],"wp:attachment":[{"href":"http:\/\/www.atkoykoop.com\/index.php\/wp-json\/wp\/v2\/media?parent=4909"}],"curies":[{"name":"wp","href":"https:\/\/api.w.org\/{rel}","templated":true}]}}